{"id":25677,"date":"2023-10-19T12:09:05","date_gmt":"2023-10-19T12:09:05","guid":{"rendered":"https:\/\/www.ana-nas.cz\/?page_id=25677"},"modified":"2025-11-30T20:01:14","modified_gmt":"2025-11-30T20:01:14","slug":"eventy-na-miru","status":"publish","type":"page","link":"https:\/\/www.ana-nas.cz\/?page_id=25677","title":{"rendered":"Eventy na m\u00edru"},"content":{"rendered":"\t\t<div data-elementor-type=\"wp-page\" data-elementor-id=\"25677\" class=\"elementor elementor-25677\">\n\t\t\t\t\t\t\t<div class=\"elementor-element elementor-element-fb41676 e-flex e-con-boxed e-con e-parent\" data-id=\"fb41676\" data-element_type=\"container\" data-settings=\"{&quot;content_width&quot;:&quot;boxed&quot;}\" data-core-v316-plus=\"true\">\n\t\t\t\t\t<div class=\"e-con-inner\">\n\t\t\t\t<div class=\"elementor-element elementor-element-4f4482f elementor-widget elementor-widget-heading\" data-id=\"4f4482f\" data-element_type=\"widget\" data-widget_type=\"heading.default\">\n\t\t\t\t<div class=\"elementor-widget-container\">\n\t\t\t<style>\/*! elementor - v3.16.0 - 20-09-2023 *\/\n.elementor-heading-title{padding:0;margin:0;line-height:1}.elementor-widget-heading .elementor-heading-title[class*=elementor-size-]>a{color:inherit;font-size:inherit;line-height:inherit}.elementor-widget-heading .elementor-heading-title.elementor-size-small{font-size:15px}.elementor-widget-heading .elementor-heading-title.elementor-size-medium{font-size:19px}.elementor-widget-heading .elementor-heading-title.elementor-size-large{font-size:29px}.elementor-widget-heading .elementor-heading-title.elementor-size-xl{font-size:39px}.elementor-widget-heading .elementor-heading-title.elementor-size-xxl{font-size:59px}<\/style><h1 class=\"elementor-heading-title elementor-size-default\">Eventy na m\u00edru<\/h1>\t\t<\/div>\n\t\t\t\t<\/div>\n\t\t\t\t\t<\/div>\n\t\t\t\t<\/div>\n\t\t\t\t<section class=\"elementor-section elementor-top-section elementor-element elementor-element-01fd5e2 elementor-section-boxed elementor-section-height-default elementor-section-height-default\" data-id=\"01fd5e2\" data-element_type=\"section\">\n\t\t\t\t\t\t<div class=\"elementor-container elementor-column-gap-default\">\n\t\t\t\t\t<div class=\"elementor-column elementor-col-50 elementor-top-column elementor-element elementor-element-7409a4e elementor-invisible\" data-id=\"7409a4e\" data-element_type=\"column\" data-settings=\"{&quot;background_background&quot;:&quot;classic&quot;,&quot;animation&quot;:&quot;fadeInLeft&quot;}\">\n\t\t\t<div class=\"elementor-widget-wrap elementor-element-populated\">\n\t\t\t\t\t\t\t\t<div class=\"elementor-element elementor-element-283324b elementor-widget elementor-widget-text-editor\" data-id=\"283324b\" data-element_type=\"widget\" data-widget_type=\"text-editor.default\">\n\t\t\t\t<div class=\"elementor-widget-container\">\n\t\t\t<style>\/*! elementor - v3.16.0 - 20-09-2023 *\/\n.elementor-widget-text-editor.elementor-drop-cap-view-stacked .elementor-drop-cap{background-color:#69727d;color:#fff}.elementor-widget-text-editor.elementor-drop-cap-view-framed .elementor-drop-cap{color:#69727d;border:3px solid;background-color:transparent}.elementor-widget-text-editor:not(.elementor-drop-cap-view-default) .elementor-drop-cap{margin-top:8px}.elementor-widget-text-editor:not(.elementor-drop-cap-view-default) .elementor-drop-cap-letter{width:1em;height:1em}.elementor-widget-text-editor .elementor-drop-cap{float:left;text-align:center;line-height:1;font-size:50px}.elementor-widget-text-editor .elementor-drop-cap-letter{display:inline-block}<\/style>\t\t\t\t<p>Ka\u017ed\u00e1 akce je jedine\u010dn\u00e1 \u2013 proto ji p\u0159iprav\u00edme p\u0159esn\u011b podle va\u0161ich p\u0159edstav. Zajist\u00edme kompletn\u00ed servis od prvn\u00edho n\u00e1padu a\u017e po realizaci. Postar\u00e1me se o program, moder\u00e1tora, catering, v\u00fdzdobu i technick\u00e9 zaji\u0161t\u011bn\u00ed.<\/p><p>A\u0165 u\u017e chyst\u00e1te firemn\u00ed ve\u010d\u00edrek, oslavu, d\u011btsk\u00fd den nebo festival, vytvo\u0159\u00edme pro v\u00e1s nezapomenuteln\u00fd z\u00e1\u017eitek bez starost\u00ed.<\/p>\t\t\t\t\t\t<\/div>\n\t\t\t\t<\/div>\n\t\t\t\t\t<\/div>\n\t\t<\/div>\n\t\t\t\t<div class=\"elementor-column elementor-col-50 elementor-top-column elementor-element elementor-element-98caf58 elementor-invisible\" data-id=\"98caf58\" data-element_type=\"column\" data-settings=\"{&quot;background_background&quot;:&quot;classic&quot;,&quot;animation&quot;:&quot;fadeInLeft&quot;}\">\n\t\t\t<div class=\"elementor-widget-wrap elementor-element-populated\">\n\t\t\t\t\t\t\t\t<div class=\"elementor-element elementor-element-e54032a elementor-widget elementor-widget-image\" data-id=\"e54032a\" data-element_type=\"widget\" data-widget_type=\"image.default\">\n\t\t\t\t<div class=\"elementor-widget-container\">\n\t\t\t<style>\/*! elementor - v3.16.0 - 20-09-2023 *\/\n.elementor-widget-image{text-align:center}.elementor-widget-image a{display:inline-block}.elementor-widget-image a img[src$=\".svg\"]{width:48px}.elementor-widget-image img{vertical-align:middle;display:inline-block}<\/style>\t\t\t\t\t\t\t\t\t\t\t\t<img loading=\"lazy\" decoding=\"async\" width=\"768\" height=\"576\" src=\"https:\/\/www.ana-nas.cz\/wp-content\/uploads\/2025\/11\/IMG_0159-768x576.jpeg\" class=\"attachment-medium_large size-medium_large wp-image-25790\" alt=\"\" srcset=\"https:\/\/www.ana-nas.cz\/wp-content\/uploads\/2025\/11\/IMG_0159-768x576.jpeg 768w, https:\/\/www.ana-nas.cz\/wp-content\/uploads\/2025\/11\/IMG_0159-300x225.jpeg 300w, https:\/\/www.ana-nas.cz\/wp-content\/uploads\/2025\/11\/IMG_0159-1024x768.jpeg 1024w, https:\/\/www.ana-nas.cz\/wp-content\/uploads\/2025\/11\/IMG_0159-1536x1152.jpeg 1536w, https:\/\/www.ana-nas.cz\/wp-content\/uploads\/2025\/11\/IMG_0159-2048x1536.jpeg 2048w\" sizes=\"auto, (max-width: 768px) 100vw, 768px\" \/>\t\t\t\t\t\t\t\t\t\t\t\t\t\t\t<\/div>\n\t\t\t\t<\/div>\n\t\t\t\t\t<\/div>\n\t\t<\/div>\n\t\t\t\t\t\t\t<\/div>\n\t\t<\/section>\n\t\t<div class=\"elementor-element elementor-element-018d520 e-flex e-con-boxed e-con e-parent\" data-id=\"018d520\" data-element_type=\"container\" data-settings=\"{&quot;content_width&quot;:&quot;boxed&quot;}\" data-core-v316-plus=\"true\">\n\t\t\t\t\t<div class=\"e-con-inner\">\n\t\t\t\t<div class=\"elementor-element elementor-element-9b63e7c elementor-widget elementor-widget-wpforms\" data-id=\"9b63e7c\" data-element_type=\"widget\" data-widget_type=\"wpforms.default\">\n\t\t\t\t<div class=\"elementor-widget-container\">\n\t\t\t<div class=\"wpforms-container \" id=\"wpforms-11\"><form id=\"wpforms-form-11\" class=\"wpforms-validate wpforms-form\" data-formid=\"11\" method=\"post\" enctype=\"multipart\/form-data\" action=\"\/index.php?rest_route=%2Fwp%2Fv2%2Fpages%2F25677\" data-token=\"d47ddc2cf2613080ba90b7674fd6eebd\"><noscript class=\"wpforms-error-noscript\">Chcete-li vyplnit tento formul\u00e1\u0159, pros\u00edm povolte v prohl\u00ed\u017ee\u010di JavaScript.<\/noscript><div class=\"wpforms-field-container\"><div id=\"wpforms-11-field_0-container\" class=\"wpforms-field wpforms-field-name\" data-field-id=\"0\"><label class=\"wpforms-field-label\" for=\"wpforms-11-field_0\">Jm\u00e9no a p\u0159\u00edjmen\u00ed <span class=\"wpforms-required-label\">*<\/span><\/label><div class=\"wpforms-field-row wpforms-field-large\"><div class=\"wpforms-field-row-block wpforms-first wpforms-one-half\"><input type=\"text\" id=\"wpforms-11-field_0\" class=\"wpforms-field-name-first wpforms-field-required\" name=\"wpforms[fields][0][first]\" placeholder=\"Jan\" required><label for=\"wpforms-11-field_0\" class=\"wpforms-field-sublabel after \">K\u0159estn\u00ed jm\u00e9no<\/label><\/div><div class=\"wpforms-field-row-block wpforms-one-half\"><input type=\"text\" id=\"wpforms-11-field_0-last\" class=\"wpforms-field-name-last wpforms-field-required\" name=\"wpforms[fields][0][last]\" placeholder=\"Nov\u00e1k\" required><label for=\"wpforms-11-field_0-last\" class=\"wpforms-field-sublabel after \">P\u0159\u00edjmen\u00ed<\/label><\/div><\/div><\/div><div id=\"wpforms-11-field_1-container\" class=\"wpforms-field wpforms-field-email\" data-field-id=\"1\"><label class=\"wpforms-field-label\" for=\"wpforms-11-field_1\">Email <span class=\"wpforms-required-label\">*<\/span><\/label><input type=\"email\" id=\"wpforms-11-field_1\" class=\"wpforms-field-large wpforms-field-required\" name=\"wpforms[fields][1]\" placeholder=\"jan.novak@seznam.cz\" spellcheck=\"false\" required><\/div><div id=\"wpforms-11-field_3-container\" class=\"wpforms-field wpforms-field-text\" data-field-id=\"3\"><label class=\"wpforms-field-label\" for=\"wpforms-11-field_3\">P\u0159edm\u011bt<\/label><input type=\"text\" id=\"wpforms-11-field_3\" class=\"wpforms-field-large\" name=\"wpforms[fields][3]\" placeholder=\"Popt\u00e1vka malov\u00e1n\u00ed na obli\u010dej\" ><\/div><div id=\"wpforms-11-field_2-container\" class=\"wpforms-field wpforms-field-textarea\" data-field-id=\"2\"><label class=\"wpforms-field-label\" for=\"wpforms-11-field_2\">Zpr\u00e1va <span class=\"wpforms-required-label\">*<\/span><\/label><textarea id=\"wpforms-11-field_2\" class=\"wpforms-field-medium wpforms-field-required\" name=\"wpforms[fields][2]\" required><\/textarea><\/div><\/div><!-- .wpforms-field-container --><div class=\"wpforms-field wpforms-field-hp\"><label for=\"wpforms-11-field-hp\" class=\"wpforms-field-label\">Message<\/label><input type=\"text\" name=\"wpforms[hp]\" id=\"wpforms-11-field-hp\" class=\"wpforms-field-medium\"><\/div><div class=\"wpforms-submit-container\" ><input type=\"hidden\" name=\"wpforms[id]\" value=\"11\"><input type=\"hidden\" name=\"wpforms[author]\" value=\"1\"><button type=\"submit\" name=\"wpforms[submit]\" id=\"wpforms-submit-11\" class=\"wpforms-submit\" data-alt-text=\"Pos\u00edl\u00e1n\u00ed...\" data-submit-text=\"Poslat\" aria-live=\"assertive\" value=\"wpforms-submit\">Poslat<\/button><\/div><\/form><\/div>  <!-- .wpforms-container -->\t\t<\/div>\n\t\t\t\t<\/div>\n\t\t\t\t\t<\/div>\n\t\t\t\t<\/div>\n\t\t\t\t\t\t\t<\/div>\n\t\t","protected":false},"excerpt":{"rendered":"<p>Eventy na m\u00edru Ka\u017ed\u00e1 akce je jedine\u010dn\u00e1 \u2013 proto ji p\u0159iprav\u00edme p\u0159esn\u011b podle va\u0161ich p\u0159edstav. Zajist\u00edme kompletn\u00ed servis od prvn\u00edho n\u00e1padu a\u017e po realizaci. Postar\u00e1me se o program, moder\u00e1tora, catering, v\u00fdzdobu i technick\u00e9 zaji\u0161t\u011bn\u00ed. A\u0165 u\u017e chyst\u00e1te firemn\u00ed ve\u010d\u00edrek, oslavu, d\u011btsk\u00fd den nebo festival, vytvo\u0159\u00edme pro v\u00e1s nezapomenuteln\u00fd z\u00e1\u017eitek bez starost\u00ed. Chcete-li vyplnit tento formul\u00e1\u0159, &hellip;<\/p>\n<p class=\"read-more\"> <a class=\"\" href=\"https:\/\/www.ana-nas.cz\/?page_id=25677\"> <span class=\"screen-reader-text\">Eventy na m\u00edru<\/span> Pokra\u010dovat ve \u010dten\u00ed &raquo;<\/a><\/p>\n","protected":false},"author":1,"featured_media":0,"parent":0,"menu_order":0,"comment_status":"closed","ping_status":"closed","template":"","meta":{"om_disable_all_campaigns":false,"_monsterinsights_skip_tracking":false,"_monsterinsights_sitenote_active":false,"_monsterinsights_sitenote_note":"","_monsterinsights_sitenote_category":0,"site-sidebar-layout":"no-sidebar","site-content-layout":"page-builder","ast-site-content-layout":"full-width-container","site-content-style":"default","site-sidebar-style":"default","ast-global-header-display":"","ast-banner-title-visibility":"","ast-main-header-display":"","ast-hfb-above-header-display":"","ast-hfb-below-header-display":"","ast-hfb-mobile-header-display":"","site-post-title":"disabled","ast-breadcrumbs-content":"","ast-featured-img":"disabled","footer-sml-layout":"","theme-transparent-header-meta":"","adv-header-id-meta":"","stick-header-meta":"","header-above-stick-meta":"","header-main-stick-meta":"","header-below-stick-meta":"","astra-migrate-meta-layouts":"set","footnotes":""},"class_list":["post-25677","page","type-page","status-publish","hentry"],"aioseo_notices":[],"_links":{"self":[{"href":"https:\/\/www.ana-nas.cz\/index.php?rest_route=\/wp\/v2\/pages\/25677","targetHints":{"allow":["GET"]}}],"collection":[{"href":"https:\/\/www.ana-nas.cz\/index.php?rest_route=\/wp\/v2\/pages"}],"about":[{"href":"https:\/\/www.ana-nas.cz\/index.php?rest_route=\/wp\/v2\/types\/page"}],"author":[{"embeddable":true,"href":"https:\/\/www.ana-nas.cz\/index.php?rest_route=\/wp\/v2\/users\/1"}],"replies":[{"embeddable":true,"href":"https:\/\/www.ana-nas.cz\/index.php?rest_route=%2Fwp%2Fv2%2Fcomments&post=25677"}],"version-history":[{"count":12,"href":"https:\/\/www.ana-nas.cz\/index.php?rest_route=\/wp\/v2\/pages\/25677\/revisions"}],"predecessor-version":[{"id":25793,"href":"https:\/\/www.ana-nas.cz\/index.php?rest_route=\/wp\/v2\/pages\/25677\/revisions\/25793"}],"wp:attachment":[{"href":"https:\/\/www.ana-nas.cz\/index.php?rest_route=%2Fwp%2Fv2%2Fmedia&parent=25677"}],"curies":[{"name":"wp","href":"https:\/\/api.w.org\/{rel}","templated":true}]}}